{"id":23,"date":"2010-11-25T12:20:49","date_gmt":"2010-11-25T11:20:49","guid":{"rendered":"http:\/\/ff-nitscha.at\/page\/?page_id=23"},"modified":"2017-04-15T12:02:54","modified_gmt":"2017-04-15T10:02:54","slug":"chronik","status":"publish","type":"page","link":"https:\/\/ff-nitscha.at\/page\/?page_id=23","title":{"rendered":"Chronik"},"content":{"rendered":"<p>Es begann im Jahre 1935 in dem die FF Prebensdorf, die f\u00fcr Nitscha zust\u00e4ndige Wehr, einen eigenen L\u00f6schzug f\u00fcr Nitscha gr\u00fcndete. Bereits im Juli 1935 wurde, auf Bitten der Bewohner von Nitscha, eine eigenst\u00e4ndige Feuerwehr gegr\u00fcndet. Damit begann unter dem ersten Hauptmann Johann Moik die Geschichte der Freiwilligen Feuerwehr Nitscha.<\/p>\n<p><strong>1936<\/strong><br \/>\nSchon im August konnte das erste R\u00fcsthaus im Dorf seiner Bestimmung \u00fcbergeben werden.<\/p>\n<p><strong>1939 \u2013 45<\/strong><br \/>\nIn dieser Zeit r\u00fcckte ein Gro\u00dfteil unserer Kameraden in die Deutsche Wehrmacht ein und deshalb mussten wenige Daheimgebliebene, aber auch Frauen von Nitscha, bei mancher Brandbek\u00e4mpfung mithelfen.<\/p>\n<p><strong>1948<\/strong><br \/>\nDie erste Motorkraftspritze wurde angeschafft und in den Dienst gestellt.<\/p>\n<p><strong>1952<\/strong><br \/>\nAnkauf und Umbau eines gut erhaltenen LKWs f\u00fcr Zwecke der Brandbek\u00e4mpfung in der Gemeinde<\/p>\n<p><strong>1962<\/strong><br \/>\nDer erste Landrover mit Vorbaupumpe wurde in den Dienst gestellt.<\/p>\n<p><strong>1973<\/strong><br \/>\nAnschaffung eine Mannschaftstransportfahrzeuges von einem Typ \u201eVW Bus T2\u201c<\/p>\n<p><strong>1986<\/strong><br \/>\nFertigstellung und Segnung des neu errichteten R\u00fcsthauses<\/p>\n<p><strong>1988<\/strong><br \/>\nEin gebrauchtes Tankl\u00f6schfahrzeug (Marke Steyr 680) wurde von der FF Nitscha angekauft<\/p>\n<p><strong>1994<\/strong><br \/>\nIn Dienststellung eines neuen L\u00f6schfahrzeuges mit Bergeausr\u00fcstung, aufgrund der vermehrten Verkehrsunf\u00e4lle im Einsatzgebiet.<\/p>\n<p><strong>1998<\/strong><br \/>\nAustausch des 31 Jahre alten Tankwagens und Ersatz durch ein neues technisch hochwertiges Tankl\u00f6schfahrzeug der Marke MAN<\/p>\n<p><strong>2000<\/strong><br \/>\nAuch den VW Bus, der die Technische Begutachtung nicht \u00fcberstand, haben wir ersetzt. Wir blieben der Marke treu und kauften einen VW Bus T4<\/p>\n<p><strong>2005<\/strong><br \/>\nDurch die immer mehr steigenden Unf\u00e4lle in unserem Einsatzgebiet wurden eine Bergeschere und Spreizausr\u00fcstung angekauft.<\/p>\n<p><strong>2011<\/strong><br \/>\nNach 1,5 Jahren Bauzeit wird das neue R\u00fcsthaus im Gemeindezentrum Nitschas neben dem Gemeindeamt seiner Bestimmung \u00fcbergeben und eingeweiht.<\/p>\n<p><strong>2012<\/strong><br \/>\nNach 20 Jahren als Kommandant tritt HBI Johann Reiter zur\u00fcck. An seine Stelle tritt bisheriger Stellvertreter OBI Rudi Karrer.<\/p>\n<p><strong>2012<\/strong><br \/>\nDurch die&nbsp;st\u00e4ndig wachsende Jugendmannschaft wurde eine eigene Jugendbewerbsbahn angeschafft.<\/p>\n<p><strong>2013<\/strong><br \/>\nAnkauf eines Feuerwehranh\u00e4ngers.<\/p>\n<p><strong>2013<\/strong><br \/>\nDrei Gruppen unserer Feuerwehr stellten sich der Branddienstleistungspr\u00fcfung in den Stufen 2 (Silber) und 3 (Gold).<\/p>\n<p><strong>2013<\/strong><br \/>\nEine Ausr\u00fcstung f\u00fcr Menschenrettung un Absturzsicherung wird angeschafft. Spezialausbildungen in der Feuerwehrschule sowie interne \u00dcbungen festigen das K\u00f6nnen rund um dieses Gebiet.<\/p>\n<p><strong>2015<\/strong><br \/>\nUmstellung vom analogem zum digitalen Funksystem f\u00fcr Beh\u00f6rden und Organisationen mit Sicherheitsaufgaben &#8211; kurz BOS-Digitalfunk.<\/p>\n<p><strong>2015<\/strong><br \/>\nDas 80 j\u00e4hrige Bestandjubil\u00e4um unserer Feuerwehr wird gro\u00df gefeiert.<\/p>\n<p><strong>2015<\/strong><br \/>\nDurch die Gemeindestrukturreform des Landes Steiermark wird Nitscha mit der Stadtgemeinde Gleisdorf zusammengelegt. Von nun an gibt es in der Gro\u00dfgemeinde Gleisdorf drei Feuerwehren &#8211; Gleisdorf, Labuch und Nitscha.<\/p>\n<p><strong>2016<\/strong><br \/>\nEin Ford Transit wird als neues Mannschaftstransportfahrzeug &#8211; diesmal mit Allradantrieb &#8211; angeschafft.<\/p>\n","protected":false},"excerpt":{"rendered":"<p>Es begann im Jahre 1935 in dem die FF Prebensdorf, die f\u00fcr Nitscha zust\u00e4ndige Wehr, einen eigenen L\u00f6schzug f\u00fcr Nitscha gr\u00fcndete. Bereits im Juli 1935 wurde, auf Bitten der Bewohner von Nitscha, eine eigenst\u00e4ndige Feuerwehr gegr\u00fcndet. Damit begann unter dem ersten Hauptmann Johann Moik die Geschichte der Freiwilligen Feuerwehr Nitscha. 1936 Schon im August konnte [&hellip;]<\/p>\n","protected":false},"author":1,"featured_media":0,"parent":0,"menu_order":50,"comment_status":"closed","ping_status":"closed","template":"","meta":{"ngg_post_thumbnail":0,"footnotes":""},"class_list":["post-23","page","type-page","status-publish","hentry"],"_links":{"self":[{"href":"https:\/\/ff-nitscha.at\/page\/index.php?rest_route=\/wp\/v2\/pages\/23","targetHints":{"allow":["GET"]}}],"collection":[{"href":"https:\/\/ff-nitscha.at\/page\/index.php?rest_route=\/wp\/v2\/pages"}],"about":[{"href":"https:\/\/ff-nitscha.at\/page\/index.php?rest_route=\/wp\/v2\/types\/page"}],"author":[{"embeddable":true,"href":"https:\/\/ff-nitscha.at\/page\/index.php?rest_route=\/wp\/v2\/users\/1"}],"replies":[{"embeddable":true,"href":"https:\/\/ff-nitscha.at\/page\/index.php?rest_route=%2Fwp%2Fv2%2Fcomments&post=23"}],"version-history":[{"count":2,"href":"https:\/\/ff-nitscha.at\/page\/index.php?rest_route=\/wp\/v2\/pages\/23\/revisions"}],"predecessor-version":[{"id":8011,"href":"https:\/\/ff-nitscha.at\/page\/index.php?rest_route=\/wp\/v2\/pages\/23\/revisions\/8011"}],"wp:attachment":[{"href":"https:\/\/ff-nitscha.at\/page\/index.php?rest_route=%2Fwp%2Fv2%2Fmedia&parent=23"}],"curies":[{"name":"wp","href":"https:\/\/api.w.org\/{rel}","templated":true}]}}