{"id":302,"date":"2011-06-28T15:50:28","date_gmt":"2011-06-28T13:50:28","guid":{"rendered":"http:\/\/ff-nitscha.at\/page\/?page_id=302"},"modified":"2018-09-16T11:59:51","modified_gmt":"2018-09-16T09:59:51","slug":"ausrustung","status":"publish","type":"page","link":"https:\/\/ff-nitscha.at\/page\/?page_id=302","title":{"rendered":"Ausr\u00fcstung"},"content":{"rendered":"<hr style=\"color: #d0d0d0; background-color: #d0d0d0; border: none; height: 1px;\">\nngg_shortcode_0_placeholder\n<p style=\"padding-left: 135px;\"><strong>Pneumatische Hebekissen<\/strong><\/p>\n<p style=\"padding-left: 135px;\">zum heben schwerer Lasten<br \/>\ndrei verschieden gro\u00dfe Hebekissen<br \/>\nin TLFA-2000 vorhanden<br \/>\n<\/br><\/br><\/p>\n<hr style=\"color: #d0d0d0; background-color: #d0d0d0; border: none; height: 1px;\">\nngg_shortcode_1_placeholder\n<p style=\"padding-right: 135px; text-align: right;\"><strong>Hydraulisches Rettungsger\u00e4t Marke &#8222;LUKAS&#8220;<br \/>\n<\/strong><\/p>\n<p style=\"padding-right: 135px; text-align: right;\">zum Schneiden, Dr\u00fccken und Pressen<br \/>\nSpreitzer: LSP 40 EN<br \/>\nSchere: LS 301 EN<br \/>\nStempel: LTR 12\/575 EN<br \/>\n<\/br><\/p>\n<hr style=\"color: #d0d0d0; background-color: #d0d0d0; border: none; height: 1px;\">\nngg_shortcode_2_placeholder\n<p style=\"padding-left: 135px;\"><strong>Stromaggregat<\/strong><\/p>\n<p style=\"padding-left: 135px;\">1 Stk. Stromerzeuger 8 kVA tragbar im TLF-A 2000<br \/>\n1 Stk. Stromerzeuger 8 kVA tragbar im LFA-B<br \/>\n<\/br><\/br><\/br><\/p>\n<hr style=\"color: #d0d0d0; background-color: #d0d0d0; border: none; height: 1px;\">\nngg_shortcode_3_placeholder\n<p style=\"padding-right: 135px; text-align: right;\"><strong>Tragkraftspritze<\/strong><\/p>\n<p style=\"padding-right: 135px; text-align: right;\">zur L\u00f6schwasserbeschaffung<br \/>\nType &#8222;Ziegler FP 12&#8220;<br \/>\nF\u00f6rdermenge 1200 l\/min bei 10 bar Nennf\u00f6rderdruck<br \/>\nin LFA-B vorhanden; BJ 1993<br \/>\n<\/br><\/p>\n<hr style=\"color: #d0d0d0; background-color: #d0d0d0; border: none; height: 1px;\">\nngg_shortcode_4_placeholder\n<p style=\"padding-left: 135px;\"><strong>Tauchpumpe<\/strong><\/p>\n<p style=\"padding-left: 135px;\">zur L\u00f6schwasserbeschaffung<br \/>\nType &#8222;Rosenbauer Nautilus 8\/1&#8220;<br \/>\nF\u00f6rdermenge max. 1330 l\/min<br \/>\nin LFA-B vorhanden; BJ 2017<\/p>\n<hr style=\"color: #d0d0d0; background-color: #d0d0d0; border: none; height: 1px;\">\nngg_shortcode_5_placeholder\n<p style=\"padding-right: 135px; text-align: right;\"><strong>Schlammpumpe<\/strong><\/p>\n<p style=\"padding-right: 135px; text-align: right;\">zum Entfernen von Schmutzwasser<br \/>\nType &#8222;Rosenbauer RS 3H&#8220;<br \/>\nF\u00f6rdermenge max. 960&nbsp;l\/min<br \/>\nin LFA-B vorhanden; BJ 2017\n<\/p>\n<hr style=\"color: #d0d0d0; background-color: #d0d0d0; border: none; height: 1px;\">\nngg_shortcode_6_placeholder\n<p style=\"padding-left: 135px;\"><strong>Nasssauger<\/strong><\/p>\n<p style=\"padding-left: 135px;\">zum Reinigen von \u00fcberfluteten Kellern etc.<br \/>\nmit automatischer Absaugung<br \/>\nim R\u00fcsthaus lagernd<br \/>\n<\/br><\/br><\/p>\n<hr style=\"color: #d0d0d0; background-color: #d0d0d0; border: none; height: 1px;\">\nngg_shortcode_7_placeholder\n<p style=\"padding-right: 135px; text-align: right;\"><strong>Menschenrettungsset<\/strong><\/p>\n<p style=\"padding-right: 135px; text-align: right;\">Bestehend aus<br \/>\nteilbarer Korbtrage mit Abseilspinne<br \/>\nvier Mannausr\u00fcstungen, eine Truppausr\u00fcstung<br \/>\nSchaufeltrage, Vakuummatratze, Notrettungsset<br \/>\n<\/br><\/p>\n<hr style=\"color: #d0d0d0; background-color: #d0d0d0; border: none; height: 1px;\">\nngg_shortcode_8_placeholder\n<p style=\"padding-left: 135px;\"><strong>W\u00e4rmebildkamera<\/strong><\/p>\n<p style=\"padding-left: 135px;\">Brandherde ermitteln, W\u00e4rmestrahlung sichtbar machen<br \/>\nSuchen von vermissten Personen<br \/>\nType \u201eBullard Eclipse LDX\u201c<br \/>\nin TLFA-2000 vorhanden<br \/>\nAnschaffung 2018<\/p>\n","protected":false},"excerpt":{"rendered":"<p>Pneumatische Hebekissen zum heben schwerer Lasten drei verschieden gro\u00dfe Hebekissen in TLFA-2000 vorhanden Hydraulisches Rettungsger\u00e4t Marke &#8222;LUKAS&#8220; zum Schneiden, Dr\u00fccken und Pressen Spreitzer: LSP 40 EN Schere: LS 301 EN Stempel: LTR 12\/575 EN Stromaggregat 1 Stk. Stromerzeuger 8 kVA tragbar im TLF-A 2000 1 Stk. Stromerzeuger 8 kVA tragbar im LFA-B Tragkraftspritze zur L\u00f6schwasserbeschaffung [&hellip;]<\/p>\n","protected":false},"author":1,"featured_media":0,"parent":0,"menu_order":0,"comment_status":"closed","ping_status":"closed","template":"","meta":{"ngg_post_thumbnail":0,"footnotes":""},"class_list":["post-302","page","type-page","status-publish","hentry"],"_links":{"self":[{"href":"https:\/\/ff-nitscha.at\/page\/index.php?rest_route=\/wp\/v2\/pages\/302","targetHints":{"allow":["GET"]}}],"collection":[{"href":"https:\/\/ff-nitscha.at\/page\/index.php?rest_route=\/wp\/v2\/pages"}],"about":[{"href":"https:\/\/ff-nitscha.at\/page\/index.php?rest_route=\/wp\/v2\/types\/page"}],"author":[{"embeddable":true,"href":"https:\/\/ff-nitscha.at\/page\/index.php?rest_route=\/wp\/v2\/users\/1"}],"replies":[{"embeddable":true,"href":"https:\/\/ff-nitscha.at\/page\/index.php?rest_route=%2Fwp%2Fv2%2Fcomments&post=302"}],"version-history":[{"count":3,"href":"https:\/\/ff-nitscha.at\/page\/index.php?rest_route=\/wp\/v2\/pages\/302\/revisions"}],"predecessor-version":[{"id":13833,"href":"https:\/\/ff-nitscha.at\/page\/index.php?rest_route=\/wp\/v2\/pages\/302\/revisions\/13833"}],"wp:attachment":[{"href":"https:\/\/ff-nitscha.at\/page\/index.php?rest_route=%2Fwp%2Fv2%2Fmedia&parent=302"}],"curies":[{"name":"wp","href":"https:\/\/api.w.org\/{rel}","templated":true}]}}