{"id":96,"date":"2011-05-30T08:38:58","date_gmt":"2011-05-30T06:38:58","guid":{"rendered":"http:\/\/ff-nitscha.at\/page\/?page_id=96"},"modified":"2011-06-24T10:59:25","modified_gmt":"2011-06-24T08:59:25","slug":"allgemeine-nutzungsbedingungen","status":"publish","type":"page","link":"https:\/\/ff-nitscha.at\/page\/?page_id=96","title":{"rendered":"Allgemeine Nutzungsbedingungen"},"content":{"rendered":"<p><strong>Allgemeine Nutzungsbedingungen<\/strong><\/p>\n<p><strong>1. Informationen zum Urheberrecht<\/strong><br \/>\nAlle Informationen dieser Web-Seite werden wie angegeben ohne Anspruch auf Richtigkeit,    Vollst\u00e4ndigkeit oder Aktualit\u00e4t zur Verf\u00fcgung gestellt.<br \/>\nWenn nicht ausdr\u00fccklich anderweitig in dieser Publikation zu verstehen gegeben,    und zwar in Zusammenhang mit einem bestimmten Ausschnitt, einer Datei, oder    einem Dokument, ist jedermann dazu berechtigt, dieses Dokument anzusehen, zu    kopieren, zu drucken und zu verteilen, unter den folgenden Bedingungen:<br \/>\nDas Dokument darf nur f\u00fcr nichtkommerzielle Informationszwecke genutzt werden.    Jede Kopie dieses Dokuments oder eines Teils davon muss diese urheberrechtliche    Erkl\u00e4rung und das urheberrechtliche Schutzzeichen des Betreibers enthalten.    Das Dokument, jede Kopie des Dokuments oder eines Teils davon d\u00fcrfen nicht ohne    schriftliche Zustimmung des Betreibers ver\u00e4ndert werden. Der Betreiber beh\u00e4lt    sich das Recht vor, diese Genehmigung jederzeit zu widerrufen, und jede Nutzung    muss sofort eingestellt werden, sobald eine schriftliche Bekanntmachung seitens    des Betreibers ver\u00f6ffentlicht wird.<\/p>\n<p><strong>2. Vertragliche Zusicherungen und Verzichterkl\u00e4rungen<\/strong><br \/>\nDie Website Freiwillige Feuerwehr Nitscha steht Ihnen &#8211; soweit nicht anders vereinbart    &#8211; kostenlos zur Verf\u00fcgung. Die Betreiber \u00fcbernehmen keinerlei Gew\u00e4hr f\u00fcr Richtigkeit    der enthaltenen Informationen, Verf\u00fcgbarkeit der Dienste, Verlust von auf Freiwillige Feuerwehr Nitscha    abgespeicherten Daten oder Nutzbarkeit f\u00fcr irgendeinen bestimmten Zweck.<br \/>\nDie Betreiber haften auch nicht f\u00fcr Folgesch\u00e4den, die auf einer Nutzung des    Angebotes beruhen.<br \/>\nSoweit ein Haftungsausschluss nicht in Betracht kommt, haften die Betreiber    lediglich f\u00fcr grobe Fahrl\u00e4ssigkeit und Vorsatz. Produkt- und Firmennamen sind    Marken der jeweiligen Eigent\u00fcmer und werden auf diesen Seiten ausschlie\u00dflich    zu Informationszwecken eingesetzt.<br \/>\nDiese Publikation k\u00f6nnte technische oder andere Ungenauigkeiten enthalten oder    Schreib- oder Tippfehler. Von Zeit zu Zeit werden der vorliegenden Information    \u00e4nderungen hinzugef\u00fcgt; diese \u00e4nderungen werden in neuen Ausgaben der Publikation    eingef\u00fcgt. Der Betreiber kann jederzeit Verbesserungen und\/oder Ver\u00e4nderungen    an den Angeboten vornehmen, die in dieser Publikation beschrieben werden.<\/p>\n<p><strong>3. Meinungs\u00e4u\u00dferungen bei Kommentaren und im Forum<\/strong><br \/>\nAufgrund der sich st\u00e4ndig ver\u00e4ndernden Inhalte bei Kommentaren und im Forum    ist es dem Betreiber nicht m\u00f6glich, alle Beitr\u00e4ge l\u00fcckenlos zu sichten, inhaltlich    zu pr\u00fcfen und die unmittelbare aktive Kontrolle dar\u00fcber auszu\u00fcben. Es wird keine    Verantwortung f\u00fcr den Inhalt, die Korrektheit und die Form der eingestellten    Beitr\u00e4ge \u00fcbernommen.<\/p>\n<p><strong>3a. Spezielle Bestimmungen f\u00fcr angemeldete Nutzer<\/strong><br \/>\nMit der Anmeldung bei Freiwillige Feuerwehr Nitscha erkl\u00e4rt sich der Nutzer &#8211; nachfolgend    \u00bbMitglied\u00ab gegen\u00fcber dem Betreiber mit folgenden Nutzungsbedingungen einverstanden:<br \/>\nMitglieder, die sich an Diskussionsforen und Kommentaren beteiligen, verpflichten    sich dazu,<\/p>\n<ul>\n<li>1. Sich in Ihren Beitr\u00e4gen jeglicher Beleidigungen, strafbarer Inhalte, Pornographie und grober Ausdrucksweise zu enthalten,<\/li>\n<li>2.  Die alleinige Verantwortung f\u00fcr die von ihnen eingestellten Inhalte zu  tragen, Rechte Dritter (insbesondere Marken-, Urheber- und  Pers\u00f6nlichkeitsrechte) nicht zu verletzen und die Betreiber von  \u00bbFreiwillige Feuerwehr Nitscha\u00ab von durch ihre Beitr\u00e4ge ausgel\u00f6sten  Anspr\u00fcchen Dritter vollst\u00e4ndig freizustellen.<\/li>\n<li>3. Weder in Foren  noch in Kommentaren Werbung irgendwelcher Art einzustellen oder Foren  und Kommentare zu irgendeiner Art gewerblicher T\u00e4tigkeit zu nutzen.  Insbesondere gilt das f\u00fcr die Ver\u00f6ffentlichung von \u00bb0900\u00ab-Rufnummern zu  irgendeinem Zweck.<\/li>\n<\/ul>\n<p>Es besteht keinerlei Anspruch auf Ver\u00f6ffentlichung von eingereichten Kommentaren    oder Forenbeitr\u00e4gen. Die Betreiber von \u00bbFreiwillige Feuerwehr Nitscha\u00ab behalten sich    vor, Kommentare und Forenbeitr\u00e4ge nach eigenem Ermessen zu editieren oder zu    l\u00f6schen. Bei Verletzungen der Pflichten unter 1), 2) und 3) behalten sich die    Betreiber ferner vor, die Mitgliedschaft zeitlich begrenzt zu sperren oder dauernd    zu l\u00f6schen.<\/p>\n<p><strong>4. Einreichen von Beitr\u00e4gen und Artikeln<\/strong><br \/>\nSoweit das Mitglied von der M\u00f6glichkeit Gebrauch macht, eigene Beitr\u00e4ge f\u00fcr    redaktionellen Teil von \u00bbFreiwillige Feuerwehr Nitscha\u00ab einzureichen, gilt Folgendes:<br \/>\nVoraussetzung f\u00fcr das Posten eigener Beitr\u00e4ge ist, dass das Mitglied seinen    vollst\u00e4ndigen und korrekten Vor- und Nachnamen in sein \u00bbFreiwillige Feuerwehr Nitscha\u00ab    &#8211; Benutzerprofil eingetragen hat oder nach dem Einreichen des Artikels dort eintr\u00e4gt.    Mit dem dort eingetragenen Namen wird der eingereichte Beitrag bei Ver\u00f6ffentlichung    (\u00f6ffentlich) gekennzeichnet.<br \/>\nDas Mitglied gibt f\u00fcr alle Beitr\u00e4ge, die von ihm oder ihr zuk\u00fcnftig auf \u00bbFreiwillige Feuerwehr Nitscha\u00ab    eingereicht werden, folgende Erkl\u00e4rungen ab:<\/p>\n<ul>\n<li>1. Das Mitglied versichert, das die eingereichten Beitr\u00e4ge frei  von Rechten Dritter, insbesondere Urheber-, Marken- oder  Pers\u00f6nlichkeitsrechten sind. Dies gilt f\u00fcr alle eingereichten Beitr\u00e4ge  und Bildwerke.<\/li>\n<li>2. Das Mitglied r\u00e4umt den Betreibern von  \u00bbFreiwillige Feuerwehr Nitscha\u00ab ein uneingeschr\u00e4nktes Nutzungsrecht an  den eingereichten Beitr\u00e4gen ein. Dieses umfasst die Ver\u00f6ffentlichung im  Internet auf \u00bbFreiwillige Feuerwehr Nitscha\u00ab sowie auf anderen  Internetservern, in Newslettern, Printmedien und anderen Publikationen.<\/li>\n<li>3. Eingereichte Beitr\u00e4ge werden auf Verlangen des Mitgliedes per Email an die Adresse des Webmasters wieder gel\u00f6scht bzw. anonymisiert. Die L\u00f6schung bzw. Anonymisierung  erfolgt innerhalb von 7 Tagen nach der Mitteilung. F\u00fcr Folgesch\u00e4den, die  dem Mitglied aus der versp\u00e4teten L\u00f6schung des Beitrages entstehen  haften die Betreiber nur insoweit, als sie nicht auf einer  Pflichtverletzung des Mitgliedes (oben unter 1), 2) und 3) ) und soweit  sie dar\u00fcber hinaus auf grobem Verschulden oder Vorsatz der Betreiber von  \u00bbFreiwillige Feuerwehr Nitscha\u00ab beruhen. Wir weisen in diesem  Zusammenhang ausdr\u00fccklich darauf hin, dass \u00bbFreiwillige Feuerwehr  Nitscha\u00ab regelm\u00e4\u00dfig von Suchmaschinen indexiert wird, und dass wir  keinen Einfluss darauf haben, ob, wo und wie lange bei uns  ver\u00f6ffentlichte Beitr\u00e4ge m\u00f6glicherweise auch nach L\u00f6schung bei  \u00bbFreiwillige Feuerwehr Nitscha\u00ab in Datenbanken von Suchmaschinen und  Webkatalogen gespeichert werden und abrufbar sind.<\/li>\n<li>4. Es besteht  keinerlei Anspruch auf Speicherung, Ver\u00f6ffentlichung oder Archivierung  der eingereichten Beitr\u00e4ge. Die Betreiber behalten sich vor,  eingereichte Beitr\u00e4ge ohne Angabe von Gr\u00fcnden nicht zu ver\u00f6ffentlichen,  vor Ver\u00f6ffentlichung zu editieren oder nach Ver\u00f6ffentlichung nach freiem  Ermessen wieder zu l\u00f6schen.<\/li>\n<li>5. Durch die Ver\u00f6ffentlichung  eingereichter Beitr\u00e4ge entstehen keinerlei Verg\u00fctungsanspr\u00fcche  (Honorare, Lizenzgeb\u00fchren, Aufwendungsentsch\u00e4digungen oder \u00e4hnliches)  des Mitgliedes gegen\u00fcber \u00bbFreiwillige Feuerwehr Nitscha\u00ab. Die Mitarbeit  ist ehrenamtlich (unentgeltlich).<\/li>\n<\/ul>\n<p><strong>5. Erkl\u00e4rung zum Datenschutz (Privacy Policy)<\/strong><br \/>\nSofern innerhalb des Internetangebotes die M\u00f6glichkeit zur Eingabe pers\u00f6nlicher    oder gesch\u00e4ftlicher Daten genutzt wird, so erfolgt die Preisgabe dieser Daten    seitens des Nutzers auf ausdr\u00fccklich freiwilliger Basis. Die Inanspruchnahme    unseres Dienstes ist &#8211; soweit technisch m\u00f6glich und zumutbar &#8211; auch ohne Angabe    solcher Daten bzw. unter Angabe anonymisierter Daten oder eines Pseudonyms gestattet.    Weitere wichtige Informationen zum Thema Datenschutz finden sich in unserer    Erkl\u00e4rung    zum <a href=\"http:\/\/ff-nitscha.at\/page\/?page_id=98\">Datenschutz (Privacy Policy)<\/a>.<\/p>\n<p><strong>6. Registrierung und Passwort<\/strong><br \/>\nDer Benutzer ist verpflichtet, die Kombination Benutzername\/Passwort vertraulich    zu behandeln und nicht an Dritte weiterzugeben. Bei Verdacht auf Missbrauch    der Zugangsdaten ist der Betreiber zu informieren.<\/p>\n<p><strong>7. Hinweis gem\u00e4\u00df Teledienstgesetz<\/strong><br \/>\nF\u00fcr Internetseiten Dritter, auf die die dieses Angebot durch sog. Links verweist,    tragen die jeweiligen Anbieter die Verantwortung. Der Betreiber ist f\u00fcr den    Inhalt solcher Seiten Dritter nicht verantwortlich. Des Weiteren kann die Web-Seite    ohne unser Wissen von anderen Seiten mittels sog. Links angelinkt werden. Der    Betreiber \u00fcbernimmt keine Verantwortung f\u00fcr Darstellungen, Inhalt oder irgendeine    Verbindung zu dieser Web-Seite in Web-Seiten Dritter. F\u00fcr fremde Inhalte ist    der Betreiber nur dann verantwortlich, wenn von ihnen (d.h. auch von einem rechtswidrigen    oder strafbaren Inhalt) positive Kenntnis vorliegt und es technisch m\u00f6glich    und zumutbar ist, deren Nutzung zu verhindern. Der Betreiber ist nach dem Teledienstgesetz    jedoch nicht verpflichtet, die fremden Inhalte st\u00e4ndig zu \u00fcberpr\u00fcfen.<\/p>\n<p><strong>Kontakt<\/strong><br \/>\nFragen rund um Freiwillige Feuerwehr Nitscha bitte an den Webmaster richten.<\/p>\n<p><strong>Rechtswirksamkeit<\/strong><br \/>\nDiese Allgemeinen Nutzungsbedingungen beziehen sich auf Freiwillige Feuerwehr Nitscha.<br \/>\nSofern Teile oder einzelne Formulierungen dieses Textes der geltenden Rechtslage    nicht, nicht mehr oder nicht vollst\u00e4ndig entsprechen sollten, bleiben die \u00fcbrigen    Teile des Dokumentes in ihrem Inhalt und ihrer G\u00fcltigkeit davon unber\u00fchrt.<\/p>\n","protected":false},"excerpt":{"rendered":"<p>Allgemeine Nutzungsbedingungen 1. Informationen zum Urheberrecht Alle Informationen dieser Web-Seite werden wie angegeben ohne Anspruch auf Richtigkeit, Vollst\u00e4ndigkeit oder Aktualit\u00e4t zur Verf\u00fcgung gestellt. Wenn nicht ausdr\u00fccklich anderweitig in dieser Publikation zu verstehen gegeben, und zwar in Zusammenhang mit einem bestimmten Ausschnitt, einer Datei, oder einem Dokument, ist jedermann dazu berechtigt, dieses Dokument anzusehen, zu kopieren, [&hellip;]<\/p>\n","protected":false},"author":1,"featured_media":0,"parent":0,"menu_order":0,"comment_status":"closed","ping_status":"closed","template":"","meta":{"ngg_post_thumbnail":0,"footnotes":""},"class_list":["post-96","page","type-page","status-publish","hentry"],"_links":{"self":[{"href":"https:\/\/ff-nitscha.at\/page\/index.php?rest_route=\/wp\/v2\/pages\/96","targetHints":{"allow":["GET"]}}],"collection":[{"href":"https:\/\/ff-nitscha.at\/page\/index.php?rest_route=\/wp\/v2\/pages"}],"about":[{"href":"https:\/\/ff-nitscha.at\/page\/index.php?rest_route=\/wp\/v2\/types\/page"}],"author":[{"embeddable":true,"href":"https:\/\/ff-nitscha.at\/page\/index.php?rest_route=\/wp\/v2\/users\/1"}],"replies":[{"embeddable":true,"href":"https:\/\/ff-nitscha.at\/page\/index.php?rest_route=%2Fwp%2Fv2%2Fcomments&post=96"}],"version-history":[{"count":0,"href":"https:\/\/ff-nitscha.at\/page\/index.php?rest_route=\/wp\/v2\/pages\/96\/revisions"}],"wp:attachment":[{"href":"https:\/\/ff-nitscha.at\/page\/index.php?rest_route=%2Fwp%2Fv2%2Fmedia&parent=96"}],"curies":[{"name":"wp","href":"https:\/\/api.w.org\/{rel}","templated":true}]}}