{"id":98,"date":"2011-05-30T08:40:05","date_gmt":"2011-05-30T06:40:05","guid":{"rendered":"http:\/\/ff-nitscha.at\/page\/?page_id=98"},"modified":"2011-06-24T10:59:46","modified_gmt":"2011-06-24T08:59:46","slug":"erklarung-zum-datenschutz-privacy-policy","status":"publish","type":"page","link":"https:\/\/ff-nitscha.at\/page\/?page_id=98","title":{"rendered":"Erkl\u00e4rung zum Datenschutz (Privacy Policy)"},"content":{"rendered":"<p><strong>Erkl\u00e4rung zum Datenschutz (Privacy Policy)<\/strong><\/p>\n<p><strong>Vorwort<\/strong><br \/>\nDie Betreiber von Freiwillige Feuerwehr Nitscha nehmen den Schutz der privaten Daten    ernst. Die besondere Beachtung der Privatsph\u00e4re bei der Verarbeitung pers\u00f6nlicher    Daten ist ein wichtiges Anliegen. Pers\u00f6nliche Daten werden gem\u00e4ss den Bestimmungen    des Bundesdatensschutzgesetzes BDSG verwendet; die Betreiber dieser Website    verpflichten sich zur Verschwiegenheit. Diese Webseiten k\u00f6nnen Links zu Webseiten    anderer Anbieter enthalten, auf die sich diese Datenschutzerkl\u00e4rung nicht erstreckt.    Weitere wichtige Informationen finden sich auch in den <a href=\"http:\/\/ff-nitscha.at\/page\/?page_id=96\">Allgemeinen    Nutzungsbedingungen<\/a>.<\/p>\n<p><strong>1. Personenbezogene Daten<\/strong><br \/>\nPersonenbezogene Daten sind Informationen, die dazu genutzt werden k\u00f6nnen, die    Identit\u00e4t zu erfahren. Darunter fallen Informationen wie richtiger Name, Adresse,    Postanschrift, Telefonnummer. Informationen, die nicht direkt mit der wirklichen    Identit\u00e4t in Verbindung gebracht werden (wie zum Beispiel favorisierte Webseiten    oder Anzahl der Nutzer einer Site) fallen nicht darunter.<br \/>\nMan kann unser Online-Angebot grunds\u00e4tzlich ohne Offenlegung der Identit\u00e4t nutzen.    Wenn man sich f\u00fcr eine Registrierung entscheidet, sich also als Mitglied (registrierter    Benutzer) anmeldet, kann man im individuellen Benutzerprofil pers\u00f6nlichen Informationen    hinterlegen. Es unterliegt der freien Entscheidung, ob diese Daten eingegeben    werden. Da versucht wird, f\u00fcr eine Nutzung des Angebots so wenig wie m\u00f6glich    personenbezogene Daten zu erheben, reicht f\u00fcr eine Registrierung die Angabe    eines Namens &#8211; unter dem man als Mitglied gef\u00fchrt wird und der nicht mit dem    realen Namen \u00fcbereinstimmen muss &#8211; und die Angabe der E-Mail-Adresse, an die    das Kennwort geschickt wird, aus. In Verbindung mit dem Zugriff auf unsere Seiten    werden serverseitig Daten (zum Beispiel IP-Adresse, Datum, Uhrzeit und betrachtete    Seiten) gespeichert. Es findet keine personenbezogene Verwertung statt. Die    statistische Auswertung anonymisierter Datens\u00e4tze bleibt vorbehalten.<br \/>\nWir nutzen die pers\u00f6nlichen Daten zu Zwecken der technischen Administration    der Webseiten und zur Kundenverwaltung nur im jeweils daf\u00fcr erforderlichen Umfang.    Dar\u00fcber hinaus werden pers\u00f6nliche Daten nur dann gespeichert, wenn diese freiwillig    angegeben werden.<\/p>\n<p><strong>2. Weitergabe personenbezogener Daten<\/strong><br \/>\nWir verwenden personenbezogene Informationen nur f\u00fcr diese Webseite. Wir geben    die Informationen nicht ohne ausdr\u00fcckliches Einverst\u00e4ndnis an Dritte weiter.    Sollten im Rahmen der Auftragsdatenverarbeitung Daten an Dienstleister weitergegeben    werden, so sind diese an das Bundesdatenschutzgesetz BDSG, andere gesetzliche    Vorschriften und an diese Privacy Policy gebunden.<br \/>\nErhebungen beziehungsweise \u00fcbermittlungen pers\u00f6nlicher Daten an staatliche Einrichtungen    und Beh\u00f6rden erfolgen nur im Rahmen zwingender Rechtsvorschriften.<\/p>\n<p><strong>3. Einsatz von Cookies<\/strong><br \/>\nWir setzen Cookies &#8211; kleine Dateien mit Konfigurationsinformationen &#8211; ein. Sie    helfen dabei, benutzerindividuelle Einstellungen zu ermitteln und spezielle    Benutzerfunktionen zu realisieren. Wir erfassen keine personenbezogenen Daten    \u00fcber Cookies. S\u00e4mtliche Funktionen der Website sind auch ohne Cookies einsetzbar,    einige benutzerdefinierte Eigenschaften und Einstellungen sind dann allerdings    nicht verf\u00fcgbar.<\/p>\n<p><strong>4. Kinder<\/strong><br \/>\nPersonen unter 18 Jahren sollten ohne Zustimmung der Eltern oder Erziehungsberechtigten    keine personenbezogenen Daten an uns \u00fcbermitteln. Wir fordern keine personenbezogenen    Daten von Kindern an, sammeln diese nicht und geben sie nicht an Dritte weiter.<\/p>\n<p><strong>5. Recht auf Widerruf<\/strong><br \/>\nWenn Sie uns personenbezogene Daten \u00fcberlassen haben, k\u00f6nnen Sie diese jederzeit    im Benutzerprofil wieder \u00e4ndern und l\u00f6schen. F\u00fcr eine vollst\u00e4ndige L\u00f6schung des Accounts bitte    an den Webmaster wenden.    Bis zu diesem Zeitpunkt erfolgte Beitr\u00e4ge in Foren, Kommentaren, Terminank\u00fcndigungen    und Artikeln bleiben allerdings unter Umst\u00e4nden erhalten &#8211; Informationen dazu    auch bei den <a href=\"http:\/\/ff-nitscha.at\/page\/?page_id=96\">allgemeinen    Nutzungsbedingungen<\/a>.<\/p>\n<p><strong>6. Links zu anderen Websites<\/strong><br \/>\nUnser Online-Angebot enth\u00e4lt Links zu anderen Websites. Wir haben keinen Einfluss    darauf, dass deren Betreiber die Datenschutzbestimmungen einhalten.<\/p>\n<p><strong>7. Beitr\u00e4ge<\/strong><br \/>\nDie Beitr\u00e4ge auf unserer Seite sind f\u00fcr jeden zug\u00e4nglich. Beitr\u00e4ge sollten vor    der Ver\u00f6ffentlichung sorgf\u00e4ltig darauf \u00fcberpr\u00fcft werden, ob sie Angaben enthalten,    die nicht f\u00fcr die \u00f6ffentlichkeit bestimmt sind. Die Beitr\u00e4ge werden m\u00f6glicherweise    in Suchmaschinen erfasst und auch ohne gezielten Aufruf dieser Website weltweit    zugreifbar.<\/p>\n<p><strong>8. Fragen und Kommentare<\/strong><br \/>\nBei Fragen und f\u00fcr Anregungen und Kommentare zum Thema Datenschutz bitte per    Mail an den Webmaster von Freiwillige Feuerwehr Nitscha wenden.<\/p>\n","protected":false},"excerpt":{"rendered":"<p>Erkl\u00e4rung zum Datenschutz (Privacy Policy) Vorwort Die Betreiber von Freiwillige Feuerwehr Nitscha nehmen den Schutz der privaten Daten ernst. Die besondere Beachtung der Privatsph\u00e4re bei der Verarbeitung pers\u00f6nlicher Daten ist ein wichtiges Anliegen. Pers\u00f6nliche Daten werden gem\u00e4ss den Bestimmungen des Bundesdatensschutzgesetzes BDSG verwendet; die Betreiber dieser Website verpflichten sich zur Verschwiegenheit. Diese Webseiten k\u00f6nnen Links [&hellip;]<\/p>\n","protected":false},"author":1,"featured_media":0,"parent":0,"menu_order":0,"comment_status":"closed","ping_status":"closed","template":"","meta":{"ngg_post_thumbnail":0,"footnotes":""},"class_list":["post-98","page","type-page","status-publish","hentry"],"_links":{"self":[{"href":"https:\/\/ff-nitscha.at\/page\/index.php?rest_route=\/wp\/v2\/pages\/98","targetHints":{"allow":["GET"]}}],"collection":[{"href":"https:\/\/ff-nitscha.at\/page\/index.php?rest_route=\/wp\/v2\/pages"}],"about":[{"href":"https:\/\/ff-nitscha.at\/page\/index.php?rest_route=\/wp\/v2\/types\/page"}],"author":[{"embeddable":true,"href":"https:\/\/ff-nitscha.at\/page\/index.php?rest_route=\/wp\/v2\/users\/1"}],"replies":[{"embeddable":true,"href":"https:\/\/ff-nitscha.at\/page\/index.php?rest_route=%2Fwp%2Fv2%2Fcomments&post=98"}],"version-history":[{"count":0,"href":"https:\/\/ff-nitscha.at\/page\/index.php?rest_route=\/wp\/v2\/pages\/98\/revisions"}],"wp:attachment":[{"href":"https:\/\/ff-nitscha.at\/page\/index.php?rest_route=%2Fwp%2Fv2%2Fmedia&parent=98"}],"curies":[{"name":"wp","href":"https:\/\/api.w.org\/{rel}","templated":true}]}}